{"id":203271,"date":"2024-01-08T22:58:28","date_gmt":"2024-01-08T22:58:28","guid":{"rendered":"https:\/\/www.propromo.ee\/product\/pallas-naiste-vest\/"},"modified":"2024-01-08T22:58:28","modified_gmt":"2024-01-08T22:58:28","slug":"pallas-naiste-vest","status":"publish","type":"product","link":"https:\/\/www.propromo.ee\/et\/toode\/pallas-naiste-vest\/","title":{"rendered":"Pallas naiste vest"},"content":{"rendered":"<p>taljesse Pallase naiste isoleeritud vest \u2013 ideaalne segu stiilist ja funktsionaalsusest. Hoidke end k\u00fclma ja tuule eest kaitstud sisemise tormiklapiga, millel on kaitsekate. T\u00f5mblukuga suletava vesti rinnatasku pakub kindlat ruumi teie isiklike asjade jaoks. Elastne side lisab stiilset puudutust, tagades samas turvalise istuvuse. Valmistatud 38 g\/m\u00b2 tuhmist tsire 380T nailonist kangast, pakub vest sileda ja vastupidava v\u00e4lisilme. Polsterdus ja t\u00e4idis koosnevad pol\u00fcester-isolatsioonist, mis pakub kerget soojust mugavust kahjustamata. See vest on kujundatud taljesse l\u00f5ikega, et anda naiselik v\u00e4limus.      <\/p>\n","protected":false},"excerpt":{"rendered":"<p>taljesse Pallase naiste isoleeritud vest \u2013 ideaalne segu stiilist ja funktsionaalsusest. Hoidke end k\u00fclma ja tuule eest kaitstud sisemise tormiklapiga, millel on kaitsekate. T\u00f5mblukuga suletava vesti rinnatasku pakub kindlat ruumi teie isiklike asjade jaoks. Elastne side lisab stiilset puudutust, tagades samas turvalise istuvuse. Valmistatud 38 g\/m\u00b2 tuhmist tsire 380T nailonist kangast, pakub vest sileda ja vastupidava v\u00e4lisilme. Polsterdus ja t\u00e4idis koosnevad pol\u00fcester-isolatsioonist, mis pakub kerget soojust mugavust kahjustamata. See vest on kujundatud taljesse l\u00f5ikega, et anda naiselik v\u00e4limus.      <\/p>\n","protected":false},"featured_media":0,"comment_status":"closed","ping_status":"open","template":"","meta":[],"product_brand":[],"product_cat":[15],"product_tag":[],"class_list":{"0":"post-203271","1":"product","2":"type-product","3":"status-publish","5":"product_cat-uncategorized","7":"first","8":"instock","9":"taxable","10":"shipping-taxable","11":"purchasable","12":"product-type-variable"},"_links":{"self":[{"href":"https:\/\/www.propromo.ee\/et\/wp-json\/wp\/v2\/product\/203271","targetHints":{"allow":["GET"]}}],"collection":[{"href":"https:\/\/www.propromo.ee\/et\/wp-json\/wp\/v2\/product"}],"about":[{"href":"https:\/\/www.propromo.ee\/et\/wp-json\/wp\/v2\/types\/product"}],"replies":[{"embeddable":true,"href":"https:\/\/www.propromo.ee\/et\/wp-json\/wp\/v2\/comments?post=203271"}],"wp:attachment":[{"href":"https:\/\/www.propromo.ee\/et\/wp-json\/wp\/v2\/media?parent=203271"}],"wp:term":[{"taxonomy":"product_brand","embeddable":true,"href":"https:\/\/www.propromo.ee\/et\/wp-json\/wp\/v2\/product_brand?post=203271"},{"taxonomy":"product_cat","embeddable":true,"href":"https:\/\/www.propromo.ee\/et\/wp-json\/wp\/v2\/product_cat?post=203271"},{"taxonomy":"product_tag","embeddable":true,"href":"https:\/\/www.propromo.ee\/et\/wp-json\/wp\/v2\/product_tag?post=203271"}],"curies":[{"name":"wp","href":"https:\/\/api.w.org\/{rel}","templated":true}]}}