{"id":203327,"date":"2024-01-08T22:56:55","date_gmt":"2024-01-08T22:56:55","guid":{"rendered":"https:\/\/www.propromo.ee\/product\/pallas-meeste-vest\/"},"modified":"2024-01-08T22:56:55","modified_gmt":"2024-01-08T22:56:55","slug":"pallas-meeste-vest","status":"publish","type":"product","link":"https:\/\/www.propromo.ee\/et\/toode\/pallas-meeste-vest\/","title":{"rendered":"Pallas meeste vest"},"content":{"rendered":"<p>Pallase isoleeritud meeste vest \u2013 ideaalne segu stiilist ja funktsionaalsusest. Hoidke end k\u00fclma ja tuule eest kaitstud sisemise tormiklapiga, millel on kaitsekate. T\u00f5mblukuga suletav vesti rinnatasku pakub kindlat ruumi teie isiklike asjade jaoks. Elastne side lisab stiilse puudutuse, tagades samas turvalise istuvuse. Valmistatud 38 g\/m\u00b2 tuhmist tsire 380T nailonist kangast, pakub vest sileda ja vastupidava v\u00e4lisilme. Polsterdus ja t\u00e4idis koosnevad pol\u00fcester-isolatsioonist, mis pakub kerget soojust mugavust kahjustamata.     <\/p>\n","protected":false},"excerpt":{"rendered":"<p>Pallase isoleeritud meeste vest \u2013 ideaalne segu stiilist ja funktsionaalsusest. Hoidke end k\u00fclma ja tuule eest kaitstud sisemise tormiklapiga, millel on kaitsekate. T\u00f5mblukuga suletav vesti rinnatasku pakub kindlat ruumi teie isiklike asjade jaoks. Elastne side lisab stiilse puudutuse, tagades samas turvalise istuvuse. Valmistatud 38 g\/m\u00b2 tuhmist tsire 380T nailonist kangast, pakub vest sileda ja vastupidava v\u00e4lisilme. Polsterdus ja t\u00e4idis koosnevad pol\u00fcester-isolatsioonist, mis pakub kerget soojust mugavust kahjustamata.     <\/p>\n","protected":false},"featured_media":34388,"comment_status":"closed","ping_status":"open","template":"","meta":[],"product_brand":[],"product_cat":[15],"product_tag":[],"class_list":{"0":"post-203327","1":"product","2":"type-product","3":"status-publish","4":"has-post-thumbnail","6":"product_cat-uncategorized","8":"first","9":"instock","10":"taxable","11":"shipping-taxable","12":"purchasable","13":"product-type-variable"},"_links":{"self":[{"href":"https:\/\/www.propromo.ee\/et\/wp-json\/wp\/v2\/product\/203327","targetHints":{"allow":["GET"]}}],"collection":[{"href":"https:\/\/www.propromo.ee\/et\/wp-json\/wp\/v2\/product"}],"about":[{"href":"https:\/\/www.propromo.ee\/et\/wp-json\/wp\/v2\/types\/product"}],"replies":[{"embeddable":true,"href":"https:\/\/www.propromo.ee\/et\/wp-json\/wp\/v2\/comments?post=203327"}],"wp:featuredmedia":[{"embeddable":true,"href":"https:\/\/www.propromo.ee\/et\/wp-json\/wp\/v2\/media\/34388"}],"wp:attachment":[{"href":"https:\/\/www.propromo.ee\/et\/wp-json\/wp\/v2\/media?parent=203327"}],"wp:term":[{"taxonomy":"product_brand","embeddable":true,"href":"https:\/\/www.propromo.ee\/et\/wp-json\/wp\/v2\/product_brand?post=203327"},{"taxonomy":"product_cat","embeddable":true,"href":"https:\/\/www.propromo.ee\/et\/wp-json\/wp\/v2\/product_cat?post=203327"},{"taxonomy":"product_tag","embeddable":true,"href":"https:\/\/www.propromo.ee\/et\/wp-json\/wp\/v2\/product_tag?post=203327"}],"curies":[{"name":"wp","href":"https:\/\/api.w.org\/{rel}","templated":true}]}}