{"id":215505,"date":"2025-01-30T12:36:43","date_gmt":"2025-01-30T12:36:43","guid":{"rendered":"https:\/\/www.propromo.ee\/product\/tin-veerandlukuga-sviiter\/"},"modified":"2025-01-30T12:36:43","modified_gmt":"2025-01-30T12:36:43","slug":"tin-veerandlukuga-sviiter","status":"publish","type":"product","link":"https:\/\/www.propromo.ee\/et\/toode\/tin-veerandlukuga-sviiter\/","title":{"rendered":"Tin veerandlukuga sviiter"},"content":{"rendered":"<p>Tin unisex Aware\u2122 veerandt\u00f5mblukuga sviiter on valmistatud 280 g\/m\u00b2 50% taaskasutatud pol\u00fcestrist ja 50% taaskasutatud puuvillast. Funktsionaalne veerandt\u00f5mblukuga disain lisab mitmek\u00fclgsust ja mugavust, v\u00f5imaldades kampsunit h\u00f5lpsalt kihistada ja mugavust reguleerida. Kampsun sisaldab Cyclo\u00ae taaskasutatud kiude, kus kasutatakse eelsorteeritud j\u00e4\u00e4tmeid, mis m\u00e4\u00e4ravad l\u00f5nga v\u00e4rvi. Need kiud mitte ainult ei v\u00e4henda n\u00f5udlust esmaste ressursside j\u00e4rele, vaid n\u00e4itavad ka p\u00fchendumust keskkonnas\u00f5bralikule elule, kehastades j\u00e4\u00e4tmete v\u00e4hendamise ja suletud ahela s\u00fcsteemi edendamise olemust. Iga kampsuniga on kaasas ka Aware\u2122 m\u00e4rgistus. See uuenduslik funktsioon v\u00f5imaldab kasutajatel QR-koodi abil j\u00e4lgida oma kauba p\u00e4ritolu ja teekonda, suurendades tarneahela l\u00e4bipaistvust ning soodustades tugevamat seost toote ja selle tootmisprotsessi vahel.     <\/p>\n","protected":false},"excerpt":{"rendered":"<p>Tin unisex Aware\u2122 veerandt\u00f5mblukuga sviiter on valmistatud 280 g\/m\u00b2 50% taaskasutatud pol\u00fcestrist ja 50% taaskasutatud puuvillast. Funktsionaalne veerandt\u00f5mblukuga disain lisab mitmek\u00fclgsust ja mugavust, v\u00f5imaldades kampsunit h\u00f5lpsalt kihistada ja mugavust reguleerida. Kampsun sisaldab Cyclo\u00ae taaskasutatud kiude, kus kasutatakse eelsorteeritud j\u00e4\u00e4tmeid, mis m\u00e4\u00e4ravad l\u00f5nga v\u00e4rvi. Need kiud mitte ainult ei v\u00e4henda n\u00f5udlust esmaste ressursside j\u00e4rele, vaid n\u00e4itavad ka p\u00fchendumust keskkonnas\u00f5bralikule elule, kehastades j\u00e4\u00e4tmete v\u00e4hendamise ja suletud ahela s\u00fcsteemi edendamise olemust. Iga kampsuniga on kaasas ka Aware\u2122 m\u00e4rgistus. See uuenduslik funktsioon v\u00f5imaldab kasutajatel QR-koodi abil j\u00e4lgida oma kauba p\u00e4ritolu ja teekonda, suurendades tarneahela l\u00e4bipaistvust ning soodustades tugevamat seost toote ja selle tootmisprotsessi vahel.     <\/p>\n","protected":false},"featured_media":0,"comment_status":"closed","ping_status":"open","template":"","meta":[],"product_brand":[],"product_cat":[15],"product_tag":[],"class_list":{"0":"post-215505","1":"product","2":"type-product","3":"status-publish","5":"product_cat-uncategorized","7":"first","8":"instock","9":"taxable","10":"shipping-taxable","11":"purchasable","12":"product-type-variable"},"_links":{"self":[{"href":"https:\/\/www.propromo.ee\/et\/wp-json\/wp\/v2\/product\/215505","targetHints":{"allow":["GET"]}}],"collection":[{"href":"https:\/\/www.propromo.ee\/et\/wp-json\/wp\/v2\/product"}],"about":[{"href":"https:\/\/www.propromo.ee\/et\/wp-json\/wp\/v2\/types\/product"}],"replies":[{"embeddable":true,"href":"https:\/\/www.propromo.ee\/et\/wp-json\/wp\/v2\/comments?post=215505"}],"wp:attachment":[{"href":"https:\/\/www.propromo.ee\/et\/wp-json\/wp\/v2\/media?parent=215505"}],"wp:term":[{"taxonomy":"product_brand","embeddable":true,"href":"https:\/\/www.propromo.ee\/et\/wp-json\/wp\/v2\/product_brand?post=215505"},{"taxonomy":"product_cat","embeddable":true,"href":"https:\/\/www.propromo.ee\/et\/wp-json\/wp\/v2\/product_cat?post=215505"},{"taxonomy":"product_tag","embeddable":true,"href":"https:\/\/www.propromo.ee\/et\/wp-json\/wp\/v2\/product_tag?post=215505"}],"curies":[{"name":"wp","href":"https:\/\/api.w.org\/{rel}","templated":true}]}}