{"id":215700,"date":"2025-01-30T12:21:24","date_gmt":"2025-01-30T12:21:24","guid":{"rendered":"https:\/\/www.propromo.ee\/product\/pegaso-premium-luhikeste-varrukatega-naiste-polo\/"},"modified":"2025-01-30T12:21:24","modified_gmt":"2025-01-30T12:21:24","slug":"pegaso-premium-luhikeste-varrukatega-naiste-polo","status":"publish","type":"product","link":"https:\/\/www.propromo.ee\/et\/toode\/pegaso-premium-luhikeste-varrukatega-naiste-polo\/","title":{"rendered":"Pegaso Premium l\u00fchikeste varrukatega naiste polo"},"content":{"rendered":"<p>Liibuv l\u00fchikeste varrukatega polos\u00e4rk. Krae ja k\u00e4tised 1&#215;1 soonikust kangast. 3-nupuline plokk. Tugevdatud kaetud \u00f5mblused kraes. Allservas k\u00fcljel\u00f5hikud. Pestav 60 kraadi juures. Eemaldatav etikett. Pillimisvastane ravi.       <\/p>\n","protected":false},"excerpt":{"rendered":"<p>Liibuv l\u00fchikeste varrukatega polos\u00e4rk. Krae ja k\u00e4tised 1&#215;1 soonikust kangast. 3-nupuline plokk. Tugevdatud kaetud \u00f5mblused kraes. Allservas k\u00fcljel\u00f5hikud. Pestav 60 kraadi juures. Eemaldatav etikett. Pillimisvastane ravi.       <\/p>\n","protected":false},"featured_media":0,"comment_status":"closed","ping_status":"open","template":"","meta":[],"product_brand":[],"product_cat":[15],"product_tag":[],"class_list":{"0":"post-215700","1":"product","2":"type-product","3":"status-publish","5":"product_cat-uncategorized","7":"first","8":"instock","9":"taxable","10":"shipping-taxable","11":"purchasable","12":"product-type-variable"},"_links":{"self":[{"href":"https:\/\/www.propromo.ee\/et\/wp-json\/wp\/v2\/product\/215700","targetHints":{"allow":["GET"]}}],"collection":[{"href":"https:\/\/www.propromo.ee\/et\/wp-json\/wp\/v2\/product"}],"about":[{"href":"https:\/\/www.propromo.ee\/et\/wp-json\/wp\/v2\/types\/product"}],"replies":[{"embeddable":true,"href":"https:\/\/www.propromo.ee\/et\/wp-json\/wp\/v2\/comments?post=215700"}],"wp:attachment":[{"href":"https:\/\/www.propromo.ee\/et\/wp-json\/wp\/v2\/media?parent=215700"}],"wp:term":[{"taxonomy":"product_brand","embeddable":true,"href":"https:\/\/www.propromo.ee\/et\/wp-json\/wp\/v2\/product_brand?post=215700"},{"taxonomy":"product_cat","embeddable":true,"href":"https:\/\/www.propromo.ee\/et\/wp-json\/wp\/v2\/product_cat?post=215700"},{"taxonomy":"product_tag","embeddable":true,"href":"https:\/\/www.propromo.ee\/et\/wp-json\/wp\/v2\/product_tag?post=215700"}],"curies":[{"name":"wp","href":"https:\/\/api.w.org\/{rel}","templated":true}]}}