{"id":215906,"date":"2025-01-30T12:19:49","date_gmt":"2025-01-30T12:19:49","guid":{"rendered":"https:\/\/www.propromo.ee\/product\/new-astun-puksid-lastele\/"},"modified":"2025-01-30T12:19:49","modified_gmt":"2025-01-30T12:19:49","slug":"new-astun-puksid-lastele","status":"publish","type":"product","link":"https:\/\/www.propromo.ee\/et\/toode\/new-astun-puksid-lastele\/","title":{"rendered":"New Astun p\u00fcksid lastele"},"content":{"rendered":"<p>Sirge l\u00f5ikega p\u00fcksid kahe k\u00fcljetasku ja n\u00f6\u00f6riga reguleeritava elastse v\u00f6\u00f6kohaga.<\/p>\n","protected":false},"excerpt":{"rendered":"<p>Sirge l\u00f5ikega p\u00fcksid kahe k\u00fcljetasku ja n\u00f6\u00f6riga reguleeritava elastse v\u00f6\u00f6kohaga.<\/p>\n","protected":false},"featured_media":0,"comment_status":"closed","ping_status":"closed","template":"","meta":[],"product_brand":[],"product_cat":[15],"product_tag":[],"class_list":{"0":"post-215906","1":"product","2":"type-product","3":"status-publish","5":"product_cat-uncategorized","7":"first","8":"outofstock","9":"taxable","10":"shipping-taxable","11":"purchasable","12":"product-type-variable"},"_links":{"self":[{"href":"https:\/\/www.propromo.ee\/et\/wp-json\/wp\/v2\/product\/215906","targetHints":{"allow":["GET"]}}],"collection":[{"href":"https:\/\/www.propromo.ee\/et\/wp-json\/wp\/v2\/product"}],"about":[{"href":"https:\/\/www.propromo.ee\/et\/wp-json\/wp\/v2\/types\/product"}],"replies":[{"embeddable":true,"href":"https:\/\/www.propromo.ee\/et\/wp-json\/wp\/v2\/comments?post=215906"}],"wp:attachment":[{"href":"https:\/\/www.propromo.ee\/et\/wp-json\/wp\/v2\/media?parent=215906"}],"wp:term":[{"taxonomy":"product_brand","embeddable":true,"href":"https:\/\/www.propromo.ee\/et\/wp-json\/wp\/v2\/product_brand?post=215906"},{"taxonomy":"product_cat","embeddable":true,"href":"https:\/\/www.propromo.ee\/et\/wp-json\/wp\/v2\/product_cat?post=215906"},{"taxonomy":"product_tag","embeddable":true,"href":"https:\/\/www.propromo.ee\/et\/wp-json\/wp\/v2\/product_tag?post=215906"}],"curies":[{"name":"wp","href":"https:\/\/api.w.org\/{rel}","templated":true}]}}