{"id":215922,"date":"2025-01-30T12:19:08","date_gmt":"2025-01-30T12:19:08","guid":{"rendered":"https:\/\/www.propromo.ee\/product\/fuji-unisex-jope\/"},"modified":"2025-01-30T12:19:08","modified_gmt":"2025-01-30T12:19:08","slug":"fuji-unisex-jope","status":"publish","type":"product","link":"https:\/\/www.propromo.ee\/et\/toode\/fuji-unisex-jope\/","title":{"rendered":"Fuji unisex jope"},"content":{"rendered":"<p>Fluorv\u00e4rvi detailidega harjamata fliisist jope. Keskne t\u00f5mblukk kontrastse t\u00f5mmitsaga. Kapuuts voodriga mikroperforeeritud pol\u00fcesterkangast ja kontrastset fluoriv\u00e4rvi. Kontrastset fluoriv\u00e4rvi n\u00f6\u00f6r ja metallist aasad. 1&#215;1 soonik varrukatel ja v\u00f6\u00f6kohal. Kaks laia \u00e4\u00e4rega esitaskut. Sisekrael tugevdatud kaetud \u00f5mblused. Eemaldatav etikett.       <\/p>\n","protected":false},"excerpt":{"rendered":"<p>Fluorv\u00e4rvi detailidega harjamata fliisist jope. Keskne t\u00f5mblukk kontrastse t\u00f5mmitsaga. Kapuuts voodriga mikroperforeeritud pol\u00fcesterkangast ja kontrastset fluoriv\u00e4rvi. Kontrastset fluoriv\u00e4rvi n\u00f6\u00f6r ja metallist aasad. 1&#215;1 soonik varrukatel ja v\u00f6\u00f6kohal. Kaks laia \u00e4\u00e4rega esitaskut. Sisekrael tugevdatud kaetud \u00f5mblused. Eemaldatav etikett.       <\/p>\n","protected":false},"featured_media":0,"comment_status":"closed","ping_status":"open","template":"","meta":[],"product_brand":[],"product_cat":[15],"product_tag":[],"class_list":{"0":"post-215922","1":"product","2":"type-product","3":"status-publish","5":"product_cat-uncategorized","7":"first","8":"instock","9":"taxable","10":"shipping-taxable","11":"purchasable","12":"product-type-variable"},"_links":{"self":[{"href":"https:\/\/www.propromo.ee\/et\/wp-json\/wp\/v2\/product\/215922","targetHints":{"allow":["GET"]}}],"collection":[{"href":"https:\/\/www.propromo.ee\/et\/wp-json\/wp\/v2\/product"}],"about":[{"href":"https:\/\/www.propromo.ee\/et\/wp-json\/wp\/v2\/types\/product"}],"replies":[{"embeddable":true,"href":"https:\/\/www.propromo.ee\/et\/wp-json\/wp\/v2\/comments?post=215922"}],"wp:attachment":[{"href":"https:\/\/www.propromo.ee\/et\/wp-json\/wp\/v2\/media?parent=215922"}],"wp:term":[{"taxonomy":"product_brand","embeddable":true,"href":"https:\/\/www.propromo.ee\/et\/wp-json\/wp\/v2\/product_brand?post=215922"},{"taxonomy":"product_cat","embeddable":true,"href":"https:\/\/www.propromo.ee\/et\/wp-json\/wp\/v2\/product_cat?post=215922"},{"taxonomy":"product_tag","embeddable":true,"href":"https:\/\/www.propromo.ee\/et\/wp-json\/wp\/v2\/product_tag?post=215922"}],"curies":[{"name":"wp","href":"https:\/\/api.w.org\/{rel}","templated":true}]}}