{"id":215948,"date":"2025-01-30T12:19:08","date_gmt":"2025-01-30T12:19:08","guid":{"rendered":"https:\/\/www.propromo.ee\/product\/luciane-meeste-pika-lukuga-jakk\/"},"modified":"2025-01-30T12:19:08","modified_gmt":"2025-01-30T12:19:08","slug":"luciane-meeste-pika-lukuga-jakk","status":"publish","type":"product","link":"https:\/\/www.propromo.ee\/et\/toode\/luciane-meeste-pika-lukuga-jakk\/","title":{"rendered":"Luciane meeste pika lukuga jakk"},"content":{"rendered":"<p>Mikrofliisist jope igap\u00e4evaseks kasutamiseks k\u00f5rge krae, pikkade varrukate ja kontrastse soonikuga. Vasakul varrukal kontrastse lukuga tasku ja ees kontrastse lukuga. \u00d5mblused k\u00fclgedel ja rinnal. Samast kangast k\u00fc\u00fcnarnukikaitsed.   <\/p>\n","protected":false},"excerpt":{"rendered":"<p>Mikrofliisist jope igap\u00e4evaseks kasutamiseks k\u00f5rge krae, pikkade varrukate ja kontrastse soonikuga. Vasakul varrukal kontrastse lukuga tasku ja ees kontrastse lukuga. \u00d5mblused k\u00fclgedel ja rinnal. Samast kangast k\u00fc\u00fcnarnukikaitsed.   <\/p>\n","protected":false},"featured_media":0,"comment_status":"closed","ping_status":"open","template":"","meta":[],"product_brand":[],"product_cat":[15],"product_tag":[],"class_list":{"0":"post-215948","1":"product","2":"type-product","3":"status-publish","5":"product_cat-uncategorized","7":"first","8":"instock","9":"taxable","10":"shipping-taxable","11":"purchasable","12":"product-type-variable"},"_links":{"self":[{"href":"https:\/\/www.propromo.ee\/et\/wp-json\/wp\/v2\/product\/215948","targetHints":{"allow":["GET"]}}],"collection":[{"href":"https:\/\/www.propromo.ee\/et\/wp-json\/wp\/v2\/product"}],"about":[{"href":"https:\/\/www.propromo.ee\/et\/wp-json\/wp\/v2\/types\/product"}],"replies":[{"embeddable":true,"href":"https:\/\/www.propromo.ee\/et\/wp-json\/wp\/v2\/comments?post=215948"}],"wp:attachment":[{"href":"https:\/\/www.propromo.ee\/et\/wp-json\/wp\/v2\/media?parent=215948"}],"wp:term":[{"taxonomy":"product_brand","embeddable":true,"href":"https:\/\/www.propromo.ee\/et\/wp-json\/wp\/v2\/product_brand?post=215948"},{"taxonomy":"product_cat","embeddable":true,"href":"https:\/\/www.propromo.ee\/et\/wp-json\/wp\/v2\/product_cat?post=215948"},{"taxonomy":"product_tag","embeddable":true,"href":"https:\/\/www.propromo.ee\/et\/wp-json\/wp\/v2\/product_tag?post=215948"}],"curies":[{"name":"wp","href":"https:\/\/api.w.org\/{rel}","templated":true}]}}