{"id":215967,"date":"2025-01-30T12:18:29","date_gmt":"2025-01-30T12:18:29","guid":{"rendered":"https:\/\/www.propromo.ee\/product\/fox-meeste-t-sark\/"},"modified":"2025-01-30T12:18:29","modified_gmt":"2025-01-30T12:18:29","slug":"fox-meeste-t-sark","status":"publish","type":"product","link":"https:\/\/www.propromo.ee\/et\/toode\/fox-meeste-t-sark\/","title":{"rendered":"Fox meeste T-s\u00e4rk"},"content":{"rendered":"<p>L\u00fchikeste varrukatega t-s\u00e4rk kanarbiku efektiga. 1&#215;1 soonik kaelus sisemiste tugevdatud kaetud \u00f5mblustega. Torukujuline kangas. Eemaldatav etikett.   <\/p>\n","protected":false},"excerpt":{"rendered":"<p>L\u00fchikeste varrukatega t-s\u00e4rk kanarbiku efektiga. 1&#215;1 soonik kaelus sisemiste tugevdatud kaetud \u00f5mblustega. Torukujuline kangas. Eemaldatav etikett.   <\/p>\n","protected":false},"featured_media":0,"comment_status":"closed","ping_status":"open","template":"","meta":[],"product_brand":[],"product_cat":[15],"product_tag":[],"class_list":{"0":"post-215967","1":"product","2":"type-product","3":"status-publish","5":"product_cat-uncategorized","7":"first","8":"instock","9":"taxable","10":"shipping-taxable","11":"purchasable","12":"product-type-variable"},"_links":{"self":[{"href":"https:\/\/www.propromo.ee\/et\/wp-json\/wp\/v2\/product\/215967","targetHints":{"allow":["GET"]}}],"collection":[{"href":"https:\/\/www.propromo.ee\/et\/wp-json\/wp\/v2\/product"}],"about":[{"href":"https:\/\/www.propromo.ee\/et\/wp-json\/wp\/v2\/types\/product"}],"replies":[{"embeddable":true,"href":"https:\/\/www.propromo.ee\/et\/wp-json\/wp\/v2\/comments?post=215967"}],"wp:attachment":[{"href":"https:\/\/www.propromo.ee\/et\/wp-json\/wp\/v2\/media?parent=215967"}],"wp:term":[{"taxonomy":"product_brand","embeddable":true,"href":"https:\/\/www.propromo.ee\/et\/wp-json\/wp\/v2\/product_brand?post=215967"},{"taxonomy":"product_cat","embeddable":true,"href":"https:\/\/www.propromo.ee\/et\/wp-json\/wp\/v2\/product_cat?post=215967"},{"taxonomy":"product_tag","embeddable":true,"href":"https:\/\/www.propromo.ee\/et\/wp-json\/wp\/v2\/product_tag?post=215967"}],"curies":[{"name":"wp","href":"https:\/\/api.w.org\/{rel}","templated":true}]}}